{"id":505,"date":"2023-04-29T16:50:21","date_gmt":"2023-04-29T16:50:21","guid":{"rendered":"https:\/\/sustainablegreensolutions.org\/?page_id=505"},"modified":"2023-08-24T14:28:55","modified_gmt":"2023-08-24T14:28:55","slug":"home-new","status":"publish","type":"page","link":"https:\/\/sustainablegreensolutions.org\/hu\/","title":{"rendered":"Home new"},"content":{"rendered":"<div data-elementor-type=\"wp-page\" data-elementor-id=\"505\" class=\"elementor elementor-505\">\n\t\t\t\t<div class=\"elementor-element elementor-element-cf67500 e-flex e-con-boxed e-con e-parent\" data-id=\"cf67500\" data-element_type=\"container\" data-core-v316-plus=\"true\">\n\t\t\t\t\t<div class=\"e-con-inner\">\n\t\t\t\t<div class=\"elementor-element elementor-element-fcd7415 elementor-widget elementor-widget-text-editor\" data-id=\"fcd7415\" data-element_type=\"widget\" data-widget_type=\"text-editor.default\">\n\t\t\t\t<div class=\"elementor-widget-container\">\n\t\t\t<style>\/*! elementor - v3.20.0 - 06-03-2024 *\/\n.elementor-widget-text-editor.elementor-drop-cap-view-stacked .elementor-drop-cap{background-color:#69727d;color:#fff}.elementor-widget-text-editor.elementor-drop-cap-view-framed .elementor-drop-cap{color:#69727d;border:3px solid;background-color:transparent}.elementor-widget-text-editor:not(.elementor-drop-cap-view-default) .elementor-drop-cap{margin-top:8px}.elementor-widget-text-editor:not(.elementor-drop-cap-view-default) .elementor-drop-cap-letter{width:1em;height:1em}.elementor-widget-text-editor .elementor-drop-cap{float:left;text-align:center;line-height:1;font-size:50px}.elementor-widget-text-editor .elementor-drop-cap-letter{display:inline-block}<\/style>\t\t\t\t<h3><strong>Az \u00e9let egy eg\u00e9szs\u00e9ges bolyg\u00f3n m\u00falik.<\/strong><\/h3>\n\n<p>Tiszta leveg\u0151, v\u00edz, biztons\u00e1gos \u00e9lelmiszer \u00e9s otthon n\u00e9lk\u00fcl nincs lehet\u0151s\u00e9g a j\u00f3l\u00e9tre.\n<\/p>\t\t\t\t\t\t<\/div>\n\t\t\t\t<\/div>\n\t\t\t\t\t<\/div>\n\t\t\t\t<\/div>\n\t\t\t\t<section class=\"elementor-section elementor-top-section elementor-element elementor-element-ee6946d elementor-section-full_width elementor-section-height-default elementor-section-height-default\" data-id=\"ee6946d\" data-element_type=\"section\">\n\t\t\t\t\t\t<div class=\"elementor-container elementor-column-gap-no\">\n\t\t\t\t\t<div class=\"elementor-column elementor-col-100 elementor-top-column elementor-element elementor-element-14ec242\" data-id=\"14ec242\" data-element_type=\"column\">\n\t\t\t<div class=\"elementor-widget-wrap elementor-element-populated\">\n\t\t\t\t\t\t<section class=\"elementor-section elementor-inner-section elementor-element elementor-element-fb17736 elementor-section-boxed elementor-section-height-default elementor-section-height-default\" data-id=\"fb17736\" data-element_type=\"section\">\n\t\t\t\t\t\t<div class=\"elementor-container elementor-column-gap-default\">\n\t\t\t\t\t<div class=\"elementor-column elementor-col-100 elementor-inner-column elementor-element elementor-element-ca6d408\" data-id=\"ca6d408\" data-element_type=\"column\">\n\t\t\t<div class=\"elementor-widget-wrap elementor-element-populated\">\n\t\t\t\t\t\t<div class=\"elementor-element elementor-element-0ad86e8 elementor-widget__width-initial elementor--h-position-center elementor--v-position-middle elementor-arrows-position-inside elementor-pagination-position-inside elementor-widget elementor-widget-slides\" data-id=\"0ad86e8\" data-element_type=\"widget\" data-settings=\"{&quot;navigation&quot;:&quot;both&quot;,&quot;infinite&quot;:&quot;yes&quot;,&quot;transition&quot;:&quot;slide&quot;,&quot;transition_speed&quot;:500}\" data-widget_type=\"slides.default\">\n\t\t\t\t<div class=\"elementor-widget-container\">\n\t\t\t<style>\/*! elementor-pro - v3.12.3 - 23-04-2023 *\/\n.elementor-slides .swiper-slide-bg{background-size:cover;background-position:50%;background-repeat:no-repeat;min-width:100%;min-height:100%}.elementor-slides .swiper-slide-inner{background-repeat:no-repeat;background-position:50%;position:absolute;top:0;left:0;bottom:0;right:0;padding:50px;margin:auto}.elementor-slides .swiper-slide-inner,.elementor-slides .swiper-slide-inner:hover{color:#fff;display:flex}.elementor-slides .swiper-slide-inner .elementor-background-overlay{position:absolute;z-index:0;top:0;bottom:0;left:0;right:0}.elementor-slides .swiper-slide-inner .elementor-slide-content{position:relative;z-index:1;width:100%}.elementor-slides .swiper-slide-inner .elementor-slide-heading{font-size:35px;font-weight:700;line-height:1}.elementor-slides .swiper-slide-inner .elementor-slide-description{font-size:17px;line-height:1.4}.elementor-slides .swiper-slide-inner .elementor-slide-description:not(:last-child),.elementor-slides .swiper-slide-inner .elementor-slide-heading:not(:last-child){margin-bottom:30px}.elementor-slides .swiper-slide-inner .elementor-slide-button{border:2px solid #fff;color:#fff;background:transparent;display:inline-block}.elementor-slides .swiper-slide-inner .elementor-slide-button,.elementor-slides .swiper-slide-inner .elementor-slide-button:hover{background:transparent;color:inherit;text-decoration:none}.elementor--v-position-top .swiper-slide-inner{align-items:flex-start}.elementor--v-position-bottom .swiper-slide-inner{align-items:flex-end}.elementor--v-position-middle .swiper-slide-inner{align-items:center}.elementor--h-position-left .swiper-slide-inner{justify-content:flex-start}.elementor--h-position-right .swiper-slide-inner{justify-content:flex-end}.elementor--h-position-center .swiper-slide-inner{justify-content:center}body.rtl .elementor-widget-slides .elementor-swiper-button-next{left:10px;right:auto}body.rtl .elementor-widget-slides .elementor-swiper-button-prev{right:10px;left:auto}.elementor-slides-wrapper div:not(.swiper-slide)>.swiper-slide-inner{display:none}@media (max-width:767px){.elementor-slides .swiper-slide-inner{padding:30px}.elementor-slides .swiper-slide-inner .elementor-slide-heading{font-size:23px;line-height:1;margin-bottom:15px}.elementor-slides .swiper-slide-inner .elementor-slide-description{font-size:13px;line-height:1.4;margin-bottom:15px}}<\/style>\t\t<div class=\"elementor-swiper\">\n\t\t\t<div class=\"elementor-slides-wrapper elementor-main-swiper swiper\" dir=\"ltr\" data-animation=\"fadeInUp\">\n\t\t\t\t<div class=\"swiper-wrapper elementor-slides\">\n\t\t\t\t\t\t\t\t\t\t<div class=\"elementor-repeater-item-8670a0f swiper-slide\"><div class=\"swiper-slide-bg\"><\/div><div class=\"swiper-slide-inner\" ><div class=\"swiper-slide-contents\"><div class=\"elementor-slide-heading\">V\u00e9dj\u00fck meg a F\u00f6ld Sz\u00e9ps\u00e9g\u00e9t \u00e9s Eg\u00e9szs\u00e9g\u00e9t a Fenntarthat\u00f3 J\u00f6v\u0151\u00e9rt, Csatlakozz hozz\u00e1nk!<\/div><div class=\"elementor-slide-description\">Ha Long Bay, Vietnam  by Suyeon Kim<\/div><a href=\"https:\/\/sustainablegreensolutions.org\/hu\/contact\/\" class=\"elementor-button elementor-slide-button elementor-size-md\">Contact Us<\/a><\/div><\/div><\/div><div class=\"elementor-repeater-item-623ef00 swiper-slide\"><div class=\"swiper-slide-bg\"><\/div><div class=\"swiper-slide-inner\" ><div class=\"swiper-slide-contents\"><div class=\"elementor-slide-heading\">V\u00e9dj\u00fck meg a F\u00f6ld Sz\u00e9ps\u00e9g\u00e9t \u00e9s Eg\u00e9szs\u00e9g\u00e9t a Fenntarthat\u00f3 J\u00f6v\u0151\u00e9rt, Csatlakozz hozz\u00e1nk!<\/div><div class=\"elementor-slide-description\">Grand Canyon, Arizona by JOSE MANUEL ALABARCE PAEZ<\/div><a href=\"https:\/\/sustainablegreensolutions.org\/hu\/contact\/\" class=\"elementor-button elementor-slide-button elementor-size-md\">Contact Us<\/a><\/div><\/div><\/div><div class=\"elementor-repeater-item-94affee swiper-slide\"><div class=\"swiper-slide-bg\"><\/div><div class=\"swiper-slide-inner\" ><div class=\"swiper-slide-contents\"><div class=\"elementor-slide-heading\">V\u00e9dj\u00fck meg a F\u00f6ld Sz\u00e9ps\u00e9g\u00e9t \u00e9s Eg\u00e9szs\u00e9g\u00e9t a Fenntarthat\u00f3 J\u00f6v\u0151\u00e9rt, Csatlakozz hozz\u00e1nk!<\/div><div class=\"elementor-slide-description\">Moraine Lake, Banff National Park,  Alberta, Canada by Edward Koorey<\/div><a href=\"https:\/\/sustainablegreensolutions.org\/hu\/contact\/\" class=\"elementor-button elementor-slide-button elementor-size-md\">Contact Us<\/a><\/div><\/div><\/div><div class=\"elementor-repeater-item-86c6049 swiper-slide\"><div class=\"swiper-slide-bg\"><\/div><div class=\"swiper-slide-inner\" ><div class=\"swiper-slide-contents\"><div class=\"elementor-slide-heading\">V\u00e9dj\u00fck meg a F\u00f6ld Sz\u00e9ps\u00e9g\u00e9t \u00e9s Eg\u00e9szs\u00e9g\u00e9t a Fenntarthat\u00f3 J\u00f6v\u0151\u00e9rt, Csatlakozz hozz\u00e1nk!<\/div><div class=\"elementor-slide-description\">Niagara Falls, Ontario, Canada by Edward Koorey\n\n\n<\/div><a href=\"https:\/\/sustainablegreensolutions.org\/hu\/contact\/\" class=\"elementor-button elementor-slide-button elementor-size-md\">Contact Us<\/a><\/div><\/div><\/div>\t\t\t\t<\/div>\n\t\t\t\t\t\t\t\t\t\t\t\t\t\t\t<div class=\"swiper-pagination\"><\/div>\n\t\t\t\t\t\t\t\t\t\t\t\t\t\t\t\t<div class=\"elementor-swiper-button elementor-swiper-button-prev\">\n\t\t\t\t\t\t\t<svg aria-hidden=\"true\" class=\"e-font-icon-svg e-eicon-chevron-left\" viewbox=\"0 0 1000 1000\" xmlns=\"http:\/\/www.w3.org\/2000\/svg\"><path d=\"M646 125C629 125 613 133 604 142L308 442C296 454 292 471 292 487 292 504 296 521 308 533L604 854C617 867 629 875 646 875 663 875 679 871 692 858 704 846 713 829 713 812 713 796 708 779 692 767L438 487 692 225C700 217 708 204 708 187 708 171 704 154 692 142 675 129 663 125 646 125Z\"><\/path><\/svg>\t\t\t\t\t\t\t<span class=\"elementor-screen-only\">Previous<\/span>\n\t\t\t\t\t\t<\/div>\n\t\t\t\t\t\t<div class=\"elementor-swiper-button elementor-swiper-button-next\">\n\t\t\t\t\t\t\t<svg aria-hidden=\"true\" class=\"e-font-icon-svg e-eicon-chevron-right\" viewbox=\"0 0 1000 1000\" xmlns=\"http:\/\/www.w3.org\/2000\/svg\"><path d=\"M696 533C708 521 713 504 713 487 713 471 708 454 696 446L400 146C388 133 375 125 354 125 338 125 325 129 313 142 300 154 292 171 292 187 292 204 296 221 308 233L563 492 304 771C292 783 288 800 288 817 288 833 296 850 308 863 321 871 338 875 354 875 371 875 388 867 400 854L696 533Z\"><\/path><\/svg>\t\t\t\t\t\t\t<span class=\"elementor-screen-only\">Next<\/span>\n\t\t\t\t\t\t<\/div>\n\t\t\t\t\t\t\t\t\t\t\t\t<\/div>\n\t\t<\/div>\n\t\t\t\t<\/div>\n\t\t\t\t<\/div>\n\t\t\t\t\t<\/div>\n\t\t<\/div>\n\t\t\t\t\t<\/div>\n\t\t<\/section>\n\t\t\t\t\t<\/div>\n\t\t<\/div>\n\t\t\t\t\t<\/div>\n\t\t<\/section>\n\t\t<div class=\"elementor-element elementor-element-e7d535e e-con-full e-flex e-con e-parent\" data-id=\"e7d535e\" data-element_type=\"container\" data-core-v316-plus=\"true\">\n\t\t\t\t<div class=\"elementor-element elementor-element-f4d18bb elementor-widget elementor-widget-text-editor\" data-id=\"f4d18bb\" data-element_type=\"widget\" data-widget_type=\"text-editor.default\">\n\t\t\t\t<div class=\"elementor-widget-container\">\n\t\t\t\t\t\t\t\t\t\t\t\t\t<\/div>\n\t\t\t\t<\/div>\n\t\t\t\t<div class=\"elementor-element elementor-element-12192db elementor-widget elementor-widget-text-editor\" data-id=\"12192db\" data-element_type=\"widget\" data-widget_type=\"text-editor.default\">\n\t\t\t\t<div class=\"elementor-widget-container\">\n\t\t\t\t\t\t\t<p><strong><br><\/strong><\/p><p><strong>Preserving the well-being of our planet is not an option; it is vital for the survival and well-being of future generations.<\/strong><\/p>\t\t\t\t\t\t<\/div>\n\t\t\t\t<\/div>\n\t\t\t\t<\/div>\n\t\t<div class=\"elementor-element elementor-element-b3e149d e-flex e-con-boxed e-con e-parent\" data-id=\"b3e149d\" data-element_type=\"container\" data-core-v316-plus=\"true\">\n\t\t\t\t\t<div class=\"e-con-inner\">\n\t\t\t\t<div class=\"elementor-element elementor-element-3257190 elementor-widget elementor-widget-image\" data-id=\"3257190\" data-element_type=\"widget\" data-widget_type=\"image.default\">\n\t\t\t\t<div class=\"elementor-widget-container\">\n\t\t\t<style>\/*! elementor - v3.20.0 - 06-03-2024 *\/\n.elementor-widget-image{text-align:center}.elementor-widget-image a{display:inline-block}.elementor-widget-image a img[src$=\".svg\"]{width:48px}.elementor-widget-image img{vertical-align:middle;display:inline-block}<\/style>\t\t\t\t\t\t\t\t\t\t<img fetchpriority=\"high\" decoding=\"async\" width=\"1024\" height=\"256\" src=\"https:\/\/sustainablegreensolutions.org\/wp-content\/uploads\/2023\/07\/Climate-change-protest-signs.-Inscriptions-on-cardboard-posters.-Isolated-on-white-dreamstime_xxl_198865059-shrunk.jpeg\" class=\"attachment-large size-large wp-image-2318\" alt=\"Climate change\" srcset=\"https:\/\/sustainablegreensolutions.org\/wp-content\/uploads\/2023\/07\/Climate-change-protest-signs.-Inscriptions-on-cardboard-posters.-Isolated-on-white-dreamstime_xxl_198865059-shrunk.jpeg 1024w, https:\/\/sustainablegreensolutions.org\/wp-content\/uploads\/2023\/07\/Climate-change-protest-signs.-Inscriptions-on-cardboard-posters.-Isolated-on-white-dreamstime_xxl_198865059-shrunk-300x75.jpeg 300w, https:\/\/sustainablegreensolutions.org\/wp-content\/uploads\/2023\/07\/Climate-change-protest-signs.-Inscriptions-on-cardboard-posters.-Isolated-on-white-dreamstime_xxl_198865059-shrunk-768x192.jpeg 768w\" sizes=\"(max-width: 1024px) 100vw, 1024px\" \/>\t\t\t\t\t\t\t\t\t\t\t\t\t<\/div>\n\t\t\t\t<\/div>\n\t\t\t\t\t<\/div>\n\t\t\t\t<\/div>\n\t\t<div class=\"elementor-element elementor-element-a91d66b e-flex e-con-boxed e-con e-parent\" data-id=\"a91d66b\" data-element_type=\"container\" data-core-v316-plus=\"true\">\n\t\t\t\t\t<div class=\"e-con-inner\">\n\t\t\t\t<div class=\"elementor-element elementor-element-062d8c3 elementor-widget elementor-widget-text-editor\" data-id=\"062d8c3\" data-element_type=\"widget\" data-widget_type=\"text-editor.default\">\n\t\t\t\t<div class=\"elementor-widget-container\">\n\t\t\t\t\t\t\t<p><strong><span style=\"background-color: var( --e-global-color-d5a11e7 ); font-family: var( --e-global-typography-text-font-family ), Sans-serif; font-style: inherit; letter-spacing: var( --e-global-typography-text-letter-spacing ); text-align: var(--text-align); text-transform: var( --e-global-typography-text-text-transform ); color: var( --e-global-color-text );\">We are committed to preserving the well-being of our planet by actively promoting, enhancing awareness and implementing often-overlooked green solutions developed by Small and Medium Enterprises in an effort to support local economies.&nbsp;<\/span><\/strong><strong style=\"font-style: inherit; letter-spacing: 0px; color: rgb(32, 119, 72); font-size: 1.625rem; background-color: var( --e-global-color-d5a11e7 );\">Join us in our Endeavors! Let&#8217;s help each other&#8230;&#8230;<\/strong><\/p>\t\t\t\t\t\t<\/div>\n\t\t\t\t<\/div>\n\t\t\t\t\t<\/div>\n\t\t\t\t<\/div>\n\t\t<div class=\"elementor-element elementor-element-e7fb4b5 e-flex e-con-boxed e-con e-parent\" data-id=\"e7fb4b5\" data-element_type=\"container\" data-core-v316-plus=\"true\">\n\t\t\t\t\t<div class=\"e-con-inner\">\n\t\t\t\t<div class=\"elementor-element elementor-element-c1d7cf1 elementor-widget elementor-widget-text-editor\" data-id=\"c1d7cf1\" data-element_type=\"widget\" data-widget_type=\"text-editor.default\">\n\t\t\t\t<div class=\"elementor-widget-container\">\n\t\t\t\t\t\t\t<p>We are a group of professionals working with <a href=\"https:\/\/sustainablegreensolutions.org\/hu\/about-us-2\/\">ArchEnerg Cluster<\/a> since 2007 with green technologies. ArchEnerg specialises in R&amp;D green project generation for tenders. Unfortunately, after the completion of product development, it either fails to enter the market or falls short of reaching its full potential. Join Us in Making a Difference!<span style=\"background-color: var( --e-global-color-d5a11e7 ); color: var( --e-global-color-text ); font-family: var( --e-global-typography-text-font-family ), Sans-serif; font-style: inherit; font-weight: inherit; letter-spacing: var( --e-global-typography-text-letter-spacing ); text-align: var(--text-align); text-transform: var( --e-global-typography-text-text-transform );\"><br \/><\/span><\/p>\t\t\t\t\t\t<\/div>\n\t\t\t\t<\/div>\n\t\t\t\t<div class=\"elementor-element elementor-element-b033e9a elementor-widget elementor-widget-text-editor\" data-id=\"b033e9a\" data-element_type=\"widget\" data-widget_type=\"text-editor.default\">\n\t\t\t\t<div class=\"elementor-widget-container\">\n\t\t\t\t\t\t\t\t\t\t\t\t\t<\/div>\n\t\t\t\t<\/div>\n\t\t\t\t\t<\/div>\n\t\t\t\t<\/div>\n\t\t\t\t<section class=\"elementor-section elementor-top-section elementor-element elementor-element-ae68fe3 elementor-section-boxed elementor-section-height-default elementor-section-height-default\" data-id=\"ae68fe3\" data-element_type=\"section\">\n\t\t\t\t\t\t<div class=\"elementor-container elementor-column-gap-default\">\n\t\t\t\t\t<div class=\"elementor-column elementor-col-100 elementor-top-column elementor-element elementor-element-449c0fb\" data-id=\"449c0fb\" data-element_type=\"column\">\n\t\t\t<div class=\"elementor-widget-wrap elementor-element-populated\">\n\t\t\t\t\t\t<div class=\"elementor-element elementor-element-db60164 elementor-widget elementor-widget-spacer\" data-id=\"db60164\" data-element_type=\"widget\" data-widget_type=\"spacer.default\">\n\t\t\t\t<div class=\"elementor-widget-container\">\n\t\t\t<style>\/*! elementor - v3.20.0 - 06-03-2024 *\/\n.elementor-column .elementor-spacer-inner{height:var(--spacer-size)}.e-con{--container-widget-width:100%}.e-con-inner>.elementor-widget-spacer,.e-con>.elementor-widget-spacer{width:var(--container-widget-width,var(--spacer-size));--align-self:var(--container-widget-align-self,initial);--flex-shrink:0}.e-con-inner>.elementor-widget-spacer>.elementor-widget-container,.e-con>.elementor-widget-spacer>.elementor-widget-container{height:100%;width:100%}.e-con-inner>.elementor-widget-spacer>.elementor-widget-container>.elementor-spacer,.e-con>.elementor-widget-spacer>.elementor-widget-container>.elementor-spacer{height:100%}.e-con-inner>.elementor-widget-spacer>.elementor-widget-container>.elementor-spacer>.elementor-spacer-inner,.e-con>.elementor-widget-spacer>.elementor-widget-container>.elementor-spacer>.elementor-spacer-inner{height:var(--container-widget-height,var(--spacer-size))}.e-con-inner>.elementor-widget-spacer.elementor-widget-empty,.e-con>.elementor-widget-spacer.elementor-widget-empty{position:relative;min-height:22px;min-width:22px}.e-con-inner>.elementor-widget-spacer.elementor-widget-empty .elementor-widget-empty-icon,.e-con>.elementor-widget-spacer.elementor-widget-empty .elementor-widget-empty-icon{position:absolute;top:0;bottom:0;left:0;right:0;margin:auto;padding:0;width:22px;height:22px}<\/style>\t\t<div class=\"elementor-spacer\">\n\t\t\t<div class=\"elementor-spacer-inner\"><\/div>\n\t\t<\/div>\n\t\t\t\t<\/div>\n\t\t\t\t<\/div>\n\t\t\t\t<div class=\"elementor-element elementor-element-515db3a elementor-widget elementor-widget-heading\" data-id=\"515db3a\" data-element_type=\"widget\" data-widget_type=\"heading.default\">\n\t\t\t\t<div class=\"elementor-widget-container\">\n\t\t\t<style>\/*! elementor - v3.20.0 - 06-03-2024 *\/\n.elementor-heading-title{padding:0;margin:0;line-height:1}.elementor-widget-heading .elementor-heading-title[class*=elementor-size-]>a{color:inherit;font-size:inherit;line-height:inherit}.elementor-widget-heading .elementor-heading-title.elementor-size-small{font-size:15px}.elementor-widget-heading .elementor-heading-title.elementor-size-medium{font-size:19px}.elementor-widget-heading .elementor-heading-title.elementor-size-large{font-size:29px}.elementor-widget-heading .elementor-heading-title.elementor-size-xl{font-size:39px}.elementor-widget-heading .elementor-heading-title.elementor-size-xxl{font-size:59px}<\/style><h2 class=\"elementor-heading-title elementor-size-large\">Think Globally,Act Locally, Save the Planet<\/h2>\t\t<\/div>\n\t\t\t\t<\/div>\n\t\t\t\t\t<\/div>\n\t\t<\/div>\n\t\t\t\t\t<\/div>\n\t\t<\/section>\n\t\t\t\t<section class=\"elementor-section elementor-top-section elementor-element elementor-element-b55c860 elementor-section-boxed elementor-section-height-default elementor-section-height-default\" data-id=\"b55c860\" data-element_type=\"section\">\n\t\t\t\t\t\t<div class=\"elementor-container elementor-column-gap-default\">\n\t\t\t\t\t<div class=\"elementor-column elementor-col-100 elementor-top-column elementor-element elementor-element-6abb04b\" data-id=\"6abb04b\" data-element_type=\"column\">\n\t\t\t<div class=\"elementor-widget-wrap elementor-element-populated\">\n\t\t\t\t\t\t<div class=\"elementor-element elementor-element-4edcbcb elementor-widget elementor-widget-text-editor\" data-id=\"4edcbcb\" data-element_type=\"widget\" data-widget_type=\"text-editor.default\">\n\t\t\t\t<div class=\"elementor-widget-container\">\n\t\t\t\t\t\t\t<p><span lang=\"EN-CA\">Join our team to increase awareness about existing sustainable green solutions by Small and Medium Enterprises (SMEs). These solutions can accelerate our fight against climate change and pollution simultaneously supporting SMEs and local economies.<br><\/span><span style=\"font-style: inherit; font-weight: inherit; color: var( --e-global-color-text ); font-family: var( --e-global-typography-text-font-family ), Sans-serif; letter-spacing: var( --e-global-typography-text-letter-spacing ); text-transform: var( --e-global-typography-text-text-transform ); background-color: var( --e-global-color-d5a11e7 );\"><br>We\u2019re seeking talented individuals with a passion for building a better world through green innovation. If you have the skills, &nbsp;vision and drive to make a difference, we want you on our team. We\u2019re looking for social media wizards, crowdfunding gurus, administrative aces, subject matter experts to make a difference together, and those who have innovative ideas and believe that they can create an impact by working together.<\/span><\/p>\n<p><span lang=\"EN-CA\">Join us in supporting innovative green solutions from SMEs to drive the green transition to promote environmental sustainability, conservation, and protection of natural resources. Let\u2019s think globally and act locally in the planet\u2019s best interest, as we all should be responsible stewards of the earth!<\/span><\/p>\t\t\t\t\t\t<\/div>\n\t\t\t\t<\/div>\n\t\t\t\t<div class=\"elementor-element elementor-element-501a0ff elementor-align-center elementor-widget elementor-widget-button\" data-id=\"501a0ff\" data-element_type=\"widget\" data-widget_type=\"button.default\">\n\t\t\t\t<div class=\"elementor-widget-container\">\n\t\t\t\t\t<div class=\"elementor-button-wrapper\">\n\t\t\t<a class=\"elementor-button elementor-button-link elementor-size-sm\" href=\"https:\/\/sustainablegreensolutions.org\/hu\/contact\/\">\n\t\t\t\t\t\t<span class=\"elementor-button-content-wrapper\">\n\t\t\t\t\t\t<span class=\"elementor-button-text\">JOIN US<\/span>\n\t\t<\/span>\n\t\t\t\t\t<\/a>\n\t\t<\/div>\n\t\t\t\t<\/div>\n\t\t\t\t<\/div>\n\t\t\t\t\t<\/div>\n\t\t<\/div>\n\t\t\t\t\t<\/div>\n\t\t<\/section>\n\t\t\t\t<\/div>","protected":false},"excerpt":{"rendered":"<p>LIFE DEPENDS ON A HEALTHY PLANET Without clean air, water, safe food and shelter there can be no prosperity Let&#8217;s Protect the Planet&#8217;s Beauty and Health for a Sustainable Future, Join Us!Ha Long Bay, Vietnam by Suyeon KimContact UsLet&#8217;s Protect the Planet&#8217;s Beauty and Health for a Sustainable Future, Join Us!Grand Canyon, Arizona by JOSE &hellip;<\/p>\n<p class=\"read-more\"> <a class=\"\" href=\"https:\/\/sustainablegreensolutions.org\/hu\/\"> <span class=\"screen-reader-text\">Home new<\/span> Read More &raquo;<\/a><\/p>","protected":false},"author":2,"featured_media":0,"parent":0,"menu_order":0,"comment_status":"closed","ping_status":"closed","template":"elementor_header_footer","meta":{"_eb_attr":"","site-sidebar-layout":"default","site-content-layout":"default","ast-global-header-display":"","ast-banner-title-visibility":"","ast-main-header-display":"","ast-hfb-above-header-display":"","ast-hfb-below-header-display":"","ast-hfb-mobile-header-display":"","site-post-title":"","ast-breadcrumbs-content":"","ast-featured-img":"","footer-sml-layout":"","theme-transparent-header-meta":"","adv-header-id-meta":"","stick-header-meta":"","header-above-stick-meta":"","header-main-stick-meta":"","header-below-stick-meta":"","footnotes":""},"class_list":["post-505","page","type-page","status-publish","hentry"],"_links":{"self":[{"href":"https:\/\/sustainablegreensolutions.org\/hu\/wp-json\/wp\/v2\/pages\/505","targetHints":{"allow":["GET"]}}],"collection":[{"href":"https:\/\/sustainablegreensolutions.org\/hu\/wp-json\/wp\/v2\/pages"}],"about":[{"href":"https:\/\/sustainablegreensolutions.org\/hu\/wp-json\/wp\/v2\/types\/page"}],"author":[{"embeddable":true,"href":"https:\/\/sustainablegreensolutions.org\/hu\/wp-json\/wp\/v2\/users\/2"}],"replies":[{"embeddable":true,"href":"https:\/\/sustainablegreensolutions.org\/hu\/wp-json\/wp\/v2\/comments?post=505"}],"version-history":[{"count":317,"href":"https:\/\/sustainablegreensolutions.org\/hu\/wp-json\/wp\/v2\/pages\/505\/revisions"}],"predecessor-version":[{"id":2370,"href":"https:\/\/sustainablegreensolutions.org\/hu\/wp-json\/wp\/v2\/pages\/505\/revisions\/2370"}],"wp:attachment":[{"href":"https:\/\/sustainablegreensolutions.org\/hu\/wp-json\/wp\/v2\/media?parent=505"}],"curies":[{"name":"wp","href":"https:\/\/api.w.org\/{rel}","templated":true}]}}